{"id":76,"date":"2025-03-21T17:59:08","date_gmt":"2025-03-21T17:59:08","guid":{"rendered":"https:\/\/miamibizkids.lat\/mbk\/?page_id=76"},"modified":"2025-03-21T19:34:13","modified_gmt":"2025-03-21T19:34:13","slug":"compasion-educativa","status":"publish","type":"page","link":"https:\/\/miamibizkids.lat\/mbk\/index.php\/compasion-educativa\/","title":{"rendered":"Compasi\u00f3n Educativa"},"content":{"rendered":"\t\t<div data-elementor-type=\"wp-page\" data-elementor-id=\"76\" class=\"elementor elementor-76\" data-elementor-post-type=\"page\">\n\t\t\t\t<div class=\"elementor-element elementor-element-460623d e-flex e-con-boxed e-con e-parent\" data-id=\"460623d\" data-element_type=\"container\" data-e-type=\"container\">\n\t\t\t\t\t<div class=\"e-con-inner\">\n\t\t<div class=\"elementor-element elementor-element-349dc40 e-con-full e-flex e-con e-child\" data-id=\"349dc40\" data-element_type=\"container\" data-e-type=\"container\">\n\t\t\t\t<div class=\"elementor-element elementor-element-52bc064 elementor-widget elementor-widget-image\" data-id=\"52bc064\" data-element_type=\"widget\" data-e-type=\"widget\" data-widget_type=\"image.default\">\n\t\t\t\t<div class=\"elementor-widget-container\">\n\t\t\t\t\t\t\t\t\t\t\t\t\t\t\t<img fetchpriority=\"high\" decoding=\"async\" width=\"250\" height=\"250\" src=\"https:\/\/miamibizkids.lat\/mbk\/wp-content\/uploads\/2025\/03\/9.png\" class=\"attachment-medium size-medium wp-image-83\" alt=\"\" srcset=\"https:\/\/miamibizkids.lat\/mbk\/wp-content\/uploads\/2025\/03\/9.png 250w, https:\/\/miamibizkids.lat\/mbk\/wp-content\/uploads\/2025\/03\/9-150x150.png 150w\" sizes=\"(max-width: 250px) 100vw, 250px\" \/>\t\t\t\t\t\t\t\t\t\t\t\t\t\t\t<\/div>\n\t\t\t\t<\/div>\n\t\t\t\t<\/div>\n\t\t<div class=\"elementor-element elementor-element-8bbe1bf e-con-full e-flex e-con e-child\" data-id=\"8bbe1bf\" data-element_type=\"container\" data-e-type=\"container\">\n\t\t\t\t<div class=\"elementor-element elementor-element-4f1fca6 elementor-widget elementor-widget-heading\" data-id=\"4f1fca6\" data-element_type=\"widget\" data-e-type=\"widget\" data-widget_type=\"heading.default\">\n\t\t\t\t<div class=\"elementor-widget-container\">\n\t\t\t\t\t<h1 class=\"elementor-heading-title elementor-size-default\">MBK158<br>\n<h5><b>Transformando Vidas a Trav\u00e9s de la Educaci\u00f3n y la Innovaci\u00f3n<\/b><\/h5><\/h1>\t\t\t\t<\/div>\n\t\t\t\t<\/div>\n\t\t\t\t<\/div>\n\t\t\t\t\t<\/div>\n\t\t\t\t<\/div>\n\t\t<div class=\"elementor-element elementor-element-15809d9 e-flex e-con-boxed e-con e-parent\" data-id=\"15809d9\" data-element_type=\"container\" data-e-type=\"container\">\n\t\t\t\t\t<div class=\"e-con-inner\">\n\t\t\t\t<div class=\"elementor-element elementor-element-be57584 elementor-widget elementor-widget-spacer\" data-id=\"be57584\" data-element_type=\"widget\" data-e-type=\"widget\" data-widget_type=\"spacer.default\">\n\t\t\t\t<div class=\"elementor-widget-container\">\n\t\t\t\t\t\t\t<div class=\"elementor-spacer\">\n\t\t\t<div class=\"elementor-spacer-inner\"><\/div>\n\t\t<\/div>\n\t\t\t\t\t\t<\/div>\n\t\t\t\t<\/div>\n\t\t\t\t\t<\/div>\n\t\t\t\t<\/div>\n\t\t<div class=\"elementor-element elementor-element-63a497e e-grid e-con-boxed e-con e-parent\" data-id=\"63a497e\" data-element_type=\"container\" data-e-type=\"container\">\n\t\t\t\t\t<div class=\"e-con-inner\">\n\t\t\t\t<div class=\"elementor-element elementor-element-4531bd3 elementor-invisible elementor-widget elementor-widget-image\" data-id=\"4531bd3\" data-element_type=\"widget\" data-e-type=\"widget\" data-settings=\"{&quot;_animation&quot;:&quot;rotateInDownLeft&quot;}\" data-widget_type=\"image.default\">\n\t\t\t\t<div class=\"elementor-widget-container\">\n\t\t\t\t\t\t\t\t\t\t\t\t\t\t\t<img decoding=\"async\" width=\"800\" height=\"600\" src=\"https:\/\/miamibizkids.lat\/mbk\/wp-content\/uploads\/2025\/03\/2df060c9-3181-4e0f-9c35-d7c4868a6d14-1-1024x768.jpg\" class=\"attachment-large size-large wp-image-84\" alt=\"\" srcset=\"https:\/\/miamibizkids.lat\/mbk\/wp-content\/uploads\/2025\/03\/2df060c9-3181-4e0f-9c35-d7c4868a6d14-1-1024x768.jpg 1024w, https:\/\/miamibizkids.lat\/mbk\/wp-content\/uploads\/2025\/03\/2df060c9-3181-4e0f-9c35-d7c4868a6d14-1-300x225.jpg 300w, https:\/\/miamibizkids.lat\/mbk\/wp-content\/uploads\/2025\/03\/2df060c9-3181-4e0f-9c35-d7c4868a6d14-1-768x576.jpg 768w, https:\/\/miamibizkids.lat\/mbk\/wp-content\/uploads\/2025\/03\/2df060c9-3181-4e0f-9c35-d7c4868a6d14-1-1536x1152.jpg 1536w, https:\/\/miamibizkids.lat\/mbk\/wp-content\/uploads\/2025\/03\/2df060c9-3181-4e0f-9c35-d7c4868a6d14-1.jpg 1600w\" sizes=\"(max-width: 800px) 100vw, 800px\" \/>\t\t\t\t\t\t\t\t\t\t\t\t\t\t\t<\/div>\n\t\t\t\t<\/div>\n\t\t\t\t<div class=\"elementor-element elementor-element-5ae45e2 elementor-invisible elementor-widget elementor-widget-image\" data-id=\"5ae45e2\" data-element_type=\"widget\" data-e-type=\"widget\" data-settings=\"{&quot;_animation&quot;:&quot;fadeInDown&quot;}\" data-widget_type=\"image.default\">\n\t\t\t\t<div class=\"elementor-widget-container\">\n\t\t\t\t\t\t\t\t\t\t\t\t\t\t\t<img decoding=\"async\" width=\"800\" height=\"360\" src=\"https:\/\/miamibizkids.lat\/mbk\/wp-content\/uploads\/2025\/03\/c8a8c9a6-35c2-4830-b59b-bf0e15a1589d-1-1024x461.jpg\" class=\"attachment-large size-large wp-image-85\" alt=\"\" srcset=\"https:\/\/miamibizkids.lat\/mbk\/wp-content\/uploads\/2025\/03\/c8a8c9a6-35c2-4830-b59b-bf0e15a1589d-1-1024x461.jpg 1024w, https:\/\/miamibizkids.lat\/mbk\/wp-content\/uploads\/2025\/03\/c8a8c9a6-35c2-4830-b59b-bf0e15a1589d-1-300x135.jpg 300w, https:\/\/miamibizkids.lat\/mbk\/wp-content\/uploads\/2025\/03\/c8a8c9a6-35c2-4830-b59b-bf0e15a1589d-1-768x346.jpg 768w, https:\/\/miamibizkids.lat\/mbk\/wp-content\/uploads\/2025\/03\/c8a8c9a6-35c2-4830-b59b-bf0e15a1589d-1-1536x692.jpg 1536w, https:\/\/miamibizkids.lat\/mbk\/wp-content\/uploads\/2025\/03\/c8a8c9a6-35c2-4830-b59b-bf0e15a1589d-1.jpg 1600w\" sizes=\"(max-width: 800px) 100vw, 800px\" \/>\t\t\t\t\t\t\t\t\t\t\t\t\t\t\t<\/div>\n\t\t\t\t<\/div>\n\t\t\t\t<div class=\"elementor-element elementor-element-29c22a1 elementor-invisible elementor-widget elementor-widget-image\" data-id=\"29c22a1\" data-element_type=\"widget\" data-e-type=\"widget\" data-settings=\"{&quot;_animation&quot;:&quot;fadeInRight&quot;}\" data-widget_type=\"image.default\">\n\t\t\t\t<div class=\"elementor-widget-container\">\n\t\t\t\t\t\t\t\t\t\t\t\t\t\t\t<img loading=\"lazy\" decoding=\"async\" width=\"800\" height=\"360\" src=\"https:\/\/miamibizkids.lat\/mbk\/wp-content\/uploads\/2025\/03\/fb135b0c-c30a-43a5-ae40-50f953a34963-1-1024x461.jpg\" class=\"attachment-large size-large wp-image-86\" alt=\"\" srcset=\"https:\/\/miamibizkids.lat\/mbk\/wp-content\/uploads\/2025\/03\/fb135b0c-c30a-43a5-ae40-50f953a34963-1-1024x461.jpg 1024w, https:\/\/miamibizkids.lat\/mbk\/wp-content\/uploads\/2025\/03\/fb135b0c-c30a-43a5-ae40-50f953a34963-1-300x135.jpg 300w, https:\/\/miamibizkids.lat\/mbk\/wp-content\/uploads\/2025\/03\/fb135b0c-c30a-43a5-ae40-50f953a34963-1-768x346.jpg 768w, https:\/\/miamibizkids.lat\/mbk\/wp-content\/uploads\/2025\/03\/fb135b0c-c30a-43a5-ae40-50f953a34963-1-1536x692.jpg 1536w, https:\/\/miamibizkids.lat\/mbk\/wp-content\/uploads\/2025\/03\/fb135b0c-c30a-43a5-ae40-50f953a34963-1.jpg 1600w\" sizes=\"(max-width: 800px) 100vw, 800px\" \/>\t\t\t\t\t\t\t\t\t\t\t\t\t\t\t<\/div>\n\t\t\t\t<\/div>\n\t\t\t\t\t<\/div>\n\t\t\t\t<\/div>\n\t\t<div class=\"elementor-element elementor-element-afe3923 e-flex e-con-boxed e-con e-parent\" data-id=\"afe3923\" data-element_type=\"container\" data-e-type=\"container\">\n\t\t\t\t\t<div class=\"e-con-inner\">\n\t\t\t\t<div class=\"elementor-element elementor-element-f08cf3f elementor-widget elementor-widget-spacer\" data-id=\"f08cf3f\" data-element_type=\"widget\" data-e-type=\"widget\" data-widget_type=\"spacer.default\">\n\t\t\t\t<div class=\"elementor-widget-container\">\n\t\t\t\t\t\t\t<div class=\"elementor-spacer\">\n\t\t\t<div class=\"elementor-spacer-inner\"><\/div>\n\t\t<\/div>\n\t\t\t\t\t\t<\/div>\n\t\t\t\t<\/div>\n\t\t\t\t\t<\/div>\n\t\t\t\t<\/div>\n\t\t<div class=\"elementor-element elementor-element-fe579b5 e-flex e-con-boxed e-con e-parent\" data-id=\"fe579b5\" data-element_type=\"container\" data-e-type=\"container\">\n\t\t\t\t\t<div class=\"e-con-inner\">\n\t\t\t\t<div class=\"elementor-element elementor-element-ee0b0e3 elementor-widget elementor-widget-heading\" data-id=\"ee0b0e3\" data-element_type=\"widget\" data-e-type=\"widget\" data-widget_type=\"heading.default\">\n\t\t\t\t<div class=\"elementor-widget-container\">\n\t\t\t\t\t<h5 class=\"elementor-heading-title elementor-size-default\">MBK 158 es una iniciativa de impacto social y educativo dise\u00f1ada para mejorar la calidad de vida, salud\ny educaci\u00f3n de 158 ni\u00f1os en situaci\u00f3n de vulnerabilidad en Los Cabos. A trav\u00e9s de la capacitaci\u00f3n\ndocente, el equipamiento tecnol\u00f3gico y estrategias de autosustentabilidad, creamos un entorno donde\nla educaci\u00f3n es el motor del cambio.<\/h5>\t\t\t\t<\/div>\n\t\t\t\t<\/div>\n\t\t\t\t\t<\/div>\n\t\t\t\t<\/div>\n\t\t<div class=\"elementor-element elementor-element-214ec54 e-flex e-con-boxed e-con e-parent\" data-id=\"214ec54\" data-element_type=\"container\" data-e-type=\"container\">\n\t\t\t\t\t<div class=\"e-con-inner\">\n\t\t\t\t<div class=\"elementor-element elementor-element-b365308 elementor-widget elementor-widget-spacer\" data-id=\"b365308\" data-element_type=\"widget\" data-e-type=\"widget\" data-widget_type=\"spacer.default\">\n\t\t\t\t<div class=\"elementor-widget-container\">\n\t\t\t\t\t\t\t<div class=\"elementor-spacer\">\n\t\t\t<div class=\"elementor-spacer-inner\"><\/div>\n\t\t<\/div>\n\t\t\t\t\t\t<\/div>\n\t\t\t\t<\/div>\n\t\t\t\t\t<\/div>\n\t\t\t\t<\/div>\n\t\t<div class=\"elementor-element elementor-element-2cc1869 e-flex e-con-boxed e-con e-parent\" data-id=\"2cc1869\" data-element_type=\"container\" data-e-type=\"container\">\n\t\t\t\t\t<div class=\"e-con-inner\">\n\t\t\t\t<div class=\"elementor-element elementor-element-13985e4 elementor-widget elementor-widget-heading\" data-id=\"13985e4\" data-element_type=\"widget\" data-e-type=\"widget\" data-widget_type=\"heading.default\">\n\t\t\t\t<div class=\"elementor-widget-container\">\n\t\t\t\t\t<h1 class=\"elementor-heading-title elementor-size-default\">\u00bfC\u00f3mo impacta MBK 158?<\/h1>\t\t\t\t<\/div>\n\t\t\t\t<\/div>\n\t\t\t\t\t<\/div>\n\t\t\t\t<\/div>\n\t\t<div class=\"elementor-element elementor-element-54aee17 e-flex e-con-boxed e-con e-parent\" data-id=\"54aee17\" data-element_type=\"container\" data-e-type=\"container\">\n\t\t\t\t\t<div class=\"e-con-inner\">\n\t\t\t\t<div class=\"elementor-element elementor-element-efc8d2e elementor-widget elementor-widget-spacer\" data-id=\"efc8d2e\" data-element_type=\"widget\" data-e-type=\"widget\" data-widget_type=\"spacer.default\">\n\t\t\t\t<div class=\"elementor-widget-container\">\n\t\t\t\t\t\t\t<div class=\"elementor-spacer\">\n\t\t\t<div class=\"elementor-spacer-inner\"><\/div>\n\t\t<\/div>\n\t\t\t\t\t\t<\/div>\n\t\t\t\t<\/div>\n\t\t\t\t\t<\/div>\n\t\t\t\t<\/div>\n\t\t<div class=\"elementor-element elementor-element-9c6e7f7 e-grid e-con-boxed e-con e-parent\" data-id=\"9c6e7f7\" data-element_type=\"container\" data-e-type=\"container\">\n\t\t\t\t\t<div class=\"e-con-inner\">\n\t\t\t\t<div class=\"elementor-element elementor-element-00268c9 e-transform elementor-position-top elementor-widget elementor-widget-image-box\" data-id=\"00268c9\" data-element_type=\"widget\" data-e-type=\"widget\" data-settings=\"{&quot;_transform_scale_effect_hover&quot;:{&quot;unit&quot;:&quot;px&quot;,&quot;size&quot;:1.1999999999999999555910790149937383830547332763671875,&quot;sizes&quot;:[]},&quot;_transform_scale_effect_hover_tablet&quot;:{&quot;unit&quot;:&quot;px&quot;,&quot;size&quot;:&quot;&quot;,&quot;sizes&quot;:[]},&quot;_transform_scale_effect_hover_mobile&quot;:{&quot;unit&quot;:&quot;px&quot;,&quot;size&quot;:&quot;&quot;,&quot;sizes&quot;:[]}}\" data-widget_type=\"image-box.default\">\n\t\t\t\t<div class=\"elementor-widget-container\">\n\t\t\t\t\t<div class=\"elementor-image-box-wrapper\"><figure class=\"elementor-image-box-img\"><img loading=\"lazy\" decoding=\"async\" width=\"250\" height=\"250\" src=\"https:\/\/miamibizkids.lat\/mbk\/wp-content\/uploads\/2025\/03\/4.png\" class=\"attachment-full size-full wp-image-78\" alt=\"\" srcset=\"https:\/\/miamibizkids.lat\/mbk\/wp-content\/uploads\/2025\/03\/4.png 250w, https:\/\/miamibizkids.lat\/mbk\/wp-content\/uploads\/2025\/03\/4-150x150.png 150w\" sizes=\"(max-width: 250px) 100vw, 250px\" \/><\/figure><div class=\"elementor-image-box-content\"><h3 class=\"elementor-image-box-title\">Formaci\u00f3n Docente <\/h3><\/div><\/div>\t\t\t\t<\/div>\n\t\t\t\t<\/div>\n\t\t\t\t<div class=\"elementor-element elementor-element-db6aee4 e-transform elementor-position-top elementor-widget elementor-widget-image-box\" data-id=\"db6aee4\" data-element_type=\"widget\" data-e-type=\"widget\" data-settings=\"{&quot;_transform_scale_effect_hover&quot;:{&quot;unit&quot;:&quot;px&quot;,&quot;size&quot;:1.1999999999999999555910790149937383830547332763671875,&quot;sizes&quot;:[]},&quot;_transform_scale_effect_hover_tablet&quot;:{&quot;unit&quot;:&quot;px&quot;,&quot;size&quot;:&quot;&quot;,&quot;sizes&quot;:[]},&quot;_transform_scale_effect_hover_mobile&quot;:{&quot;unit&quot;:&quot;px&quot;,&quot;size&quot;:&quot;&quot;,&quot;sizes&quot;:[]}}\" data-widget_type=\"image-box.default\">\n\t\t\t\t<div class=\"elementor-widget-container\">\n\t\t\t\t\t<div class=\"elementor-image-box-wrapper\"><figure class=\"elementor-image-box-img\"><img loading=\"lazy\" decoding=\"async\" width=\"250\" height=\"250\" src=\"https:\/\/miamibizkids.lat\/mbk\/wp-content\/uploads\/2025\/03\/5.png\" class=\"attachment-full size-full wp-image-79\" alt=\"\" srcset=\"https:\/\/miamibizkids.lat\/mbk\/wp-content\/uploads\/2025\/03\/5.png 250w, https:\/\/miamibizkids.lat\/mbk\/wp-content\/uploads\/2025\/03\/5-150x150.png 150w\" sizes=\"(max-width: 250px) 100vw, 250px\" \/><\/figure><div class=\"elementor-image-box-content\"><h3 class=\"elementor-image-box-title\">Infraestructura y <br>Tecnolog\u00eda<\/h3><\/div><\/div>\t\t\t\t<\/div>\n\t\t\t\t<\/div>\n\t\t\t\t<div class=\"elementor-element elementor-element-190ca05 e-transform elementor-position-top elementor-widget elementor-widget-image-box\" data-id=\"190ca05\" data-element_type=\"widget\" data-e-type=\"widget\" data-settings=\"{&quot;_transform_scale_effect_hover&quot;:{&quot;unit&quot;:&quot;px&quot;,&quot;size&quot;:1.1999999999999999555910790149937383830547332763671875,&quot;sizes&quot;:[]},&quot;_transform_scale_effect_hover_tablet&quot;:{&quot;unit&quot;:&quot;px&quot;,&quot;size&quot;:&quot;&quot;,&quot;sizes&quot;:[]},&quot;_transform_scale_effect_hover_mobile&quot;:{&quot;unit&quot;:&quot;px&quot;,&quot;size&quot;:&quot;&quot;,&quot;sizes&quot;:[]}}\" data-widget_type=\"image-box.default\">\n\t\t\t\t<div class=\"elementor-widget-container\">\n\t\t\t\t\t<div class=\"elementor-image-box-wrapper\"><figure class=\"elementor-image-box-img\"><img loading=\"lazy\" decoding=\"async\" width=\"250\" height=\"250\" src=\"https:\/\/miamibizkids.lat\/mbk\/wp-content\/uploads\/2025\/03\/6-1.png\" class=\"attachment-full size-full wp-image-80\" alt=\"\" srcset=\"https:\/\/miamibizkids.lat\/mbk\/wp-content\/uploads\/2025\/03\/6-1.png 250w, https:\/\/miamibizkids.lat\/mbk\/wp-content\/uploads\/2025\/03\/6-1-150x150.png 150w\" sizes=\"(max-width: 250px) 100vw, 250px\" \/><\/figure><div class=\"elementor-image-box-content\"><h3 class=\"elementor-image-box-title\">Autosustentabilidad<\/h3><\/div><\/div>\t\t\t\t<\/div>\n\t\t\t\t<\/div>\n\t\t\t\t<div class=\"elementor-element elementor-element-366d016 e-transform elementor-position-top elementor-widget elementor-widget-image-box\" data-id=\"366d016\" data-element_type=\"widget\" data-e-type=\"widget\" data-settings=\"{&quot;_transform_scale_effect_hover&quot;:{&quot;unit&quot;:&quot;px&quot;,&quot;size&quot;:1.1999999999999999555910790149937383830547332763671875,&quot;sizes&quot;:[]},&quot;_transform_scale_effect_hover_tablet&quot;:{&quot;unit&quot;:&quot;px&quot;,&quot;size&quot;:&quot;&quot;,&quot;sizes&quot;:[]},&quot;_transform_scale_effect_hover_mobile&quot;:{&quot;unit&quot;:&quot;px&quot;,&quot;size&quot;:&quot;&quot;,&quot;sizes&quot;:[]}}\" data-widget_type=\"image-box.default\">\n\t\t\t\t<div class=\"elementor-widget-container\">\n\t\t\t\t\t<div class=\"elementor-image-box-wrapper\"><figure class=\"elementor-image-box-img\"><img loading=\"lazy\" decoding=\"async\" width=\"250\" height=\"250\" src=\"https:\/\/miamibizkids.lat\/mbk\/wp-content\/uploads\/2025\/03\/7.png\" class=\"attachment-full size-full wp-image-81\" alt=\"\" srcset=\"https:\/\/miamibizkids.lat\/mbk\/wp-content\/uploads\/2025\/03\/7.png 250w, https:\/\/miamibizkids.lat\/mbk\/wp-content\/uploads\/2025\/03\/7-150x150.png 150w\" sizes=\"(max-width: 250px) 100vw, 250px\" \/><\/figure><div class=\"elementor-image-box-content\"><h3 class=\"elementor-image-box-title\">Empoderamiento <br>Familiar<\/h3><\/div><\/div>\t\t\t\t<\/div>\n\t\t\t\t<\/div>\n\t\t\t\t<div class=\"elementor-element elementor-element-3323fa8 e-transform elementor-position-top elementor-widget elementor-widget-image-box\" data-id=\"3323fa8\" data-element_type=\"widget\" data-e-type=\"widget\" data-settings=\"{&quot;_transform_scale_effect_hover&quot;:{&quot;unit&quot;:&quot;px&quot;,&quot;size&quot;:1.1999999999999999555910790149937383830547332763671875,&quot;sizes&quot;:[]},&quot;_transform_scale_effect_hover_tablet&quot;:{&quot;unit&quot;:&quot;px&quot;,&quot;size&quot;:&quot;&quot;,&quot;sizes&quot;:[]},&quot;_transform_scale_effect_hover_mobile&quot;:{&quot;unit&quot;:&quot;px&quot;,&quot;size&quot;:&quot;&quot;,&quot;sizes&quot;:[]}}\" data-widget_type=\"image-box.default\">\n\t\t\t\t<div class=\"elementor-widget-container\">\n\t\t\t\t\t<div class=\"elementor-image-box-wrapper\"><figure class=\"elementor-image-box-img\"><img loading=\"lazy\" decoding=\"async\" width=\"250\" height=\"250\" src=\"https:\/\/miamibizkids.lat\/mbk\/wp-content\/uploads\/2025\/03\/8.png\" class=\"attachment-full size-full wp-image-82\" alt=\"\" srcset=\"https:\/\/miamibizkids.lat\/mbk\/wp-content\/uploads\/2025\/03\/8.png 250w, https:\/\/miamibizkids.lat\/mbk\/wp-content\/uploads\/2025\/03\/8-150x150.png 150w\" sizes=\"(max-width: 250px) 100vw, 250px\" \/><\/figure><div class=\"elementor-image-box-content\"><h3 class=\"elementor-image-box-title\">Juegos y Deportes<\/h3><\/div><\/div>\t\t\t\t<\/div>\n\t\t\t\t<\/div>\n\t\t\t\t\t<\/div>\n\t\t\t\t<\/div>\n\t\t<div class=\"elementor-element elementor-element-9a93920 e-flex e-con-boxed e-con e-parent\" data-id=\"9a93920\" data-element_type=\"container\" data-e-type=\"container\">\n\t\t\t\t\t<div class=\"e-con-inner\">\n\t\t\t\t<div class=\"elementor-element elementor-element-4007d74 elementor-widget elementor-widget-spacer\" data-id=\"4007d74\" data-element_type=\"widget\" data-e-type=\"widget\" data-widget_type=\"spacer.default\">\n\t\t\t\t<div class=\"elementor-widget-container\">\n\t\t\t\t\t\t\t<div class=\"elementor-spacer\">\n\t\t\t<div class=\"elementor-spacer-inner\"><\/div>\n\t\t<\/div>\n\t\t\t\t\t\t<\/div>\n\t\t\t\t<\/div>\n\t\t\t\t\t<\/div>\n\t\t\t\t<\/div>\n\t\t<div class=\"elementor-element elementor-element-cc6fb5e e-flex e-con-boxed e-con e-parent\" data-id=\"cc6fb5e\" data-element_type=\"container\" data-e-type=\"container\">\n\t\t\t\t\t<div class=\"e-con-inner\">\n\t\t\t\t<div class=\"elementor-element elementor-element-ac27915 elementor-widget elementor-widget-heading\" data-id=\"ac27915\" data-element_type=\"widget\" data-e-type=\"widget\" data-widget_type=\"heading.default\">\n\t\t\t\t<div class=\"elementor-widget-container\">\n\t\t\t\t\t<h5 class=\"elementor-heading-title elementor-size-default\"><b>Juntos podemos cambiar vidas. <\/b>S\u00e9 parte de este proyecto que est\u00e1 revolucionando la educaci\u00f3n\ny generando oportunidades para una comunidad en crecimiento<\/h5>\t\t\t\t<\/div>\n\t\t\t\t<\/div>\n\t\t\t\t\t<\/div>\n\t\t\t\t<\/div>\n\t\t<div class=\"elementor-element elementor-element-f2c156c e-flex e-con-boxed e-con e-parent\" data-id=\"f2c156c\" data-element_type=\"container\" data-e-type=\"container\">\n\t\t\t\t\t<div class=\"e-con-inner\">\n\t\t\t\t<div class=\"elementor-element elementor-element-7a33ce8 elementor-widget elementor-widget-spacer\" data-id=\"7a33ce8\" data-element_type=\"widget\" data-e-type=\"widget\" data-widget_type=\"spacer.default\">\n\t\t\t\t<div class=\"elementor-widget-container\">\n\t\t\t\t\t\t\t<div class=\"elementor-spacer\">\n\t\t\t<div class=\"elementor-spacer-inner\"><\/div>\n\t\t<\/div>\n\t\t\t\t\t\t<\/div>\n\t\t\t\t<\/div>\n\t\t\t\t\t<\/div>\n\t\t\t\t<\/div>\n\t\t\t\t<\/div>\n\t\t","protected":false},"excerpt":{"rendered":"<p>MBK158 Transformando Vidas a Trav\u00e9s de la Educaci\u00f3n y la Innovaci\u00f3n MBK 158 es una iniciativa de impacto social y educativo dise\u00f1ada para mejorar la calidad de vida, salud y educaci\u00f3n de 158 ni\u00f1os en situaci\u00f3n de vulnerabilidad en Los Cabos. A trav\u00e9s de la capacitaci\u00f3n docente, el equipamiento tecnol\u00f3gico y estrategias de autosustentabilidad, creamos [&hellip;]<\/p>\n","protected":false},"author":1,"featured_media":0,"parent":0,"menu_order":0,"comment_status":"closed","ping_status":"closed","template":"","meta":{"footnotes":""},"class_list":["post-76","page","type-page","status-publish","hentry"],"_links":{"self":[{"href":"https:\/\/miamibizkids.lat\/mbk\/index.php\/wp-json\/wp\/v2\/pages\/76","targetHints":{"allow":["GET"]}}],"collection":[{"href":"https:\/\/miamibizkids.lat\/mbk\/index.php\/wp-json\/wp\/v2\/pages"}],"about":[{"href":"https:\/\/miamibizkids.lat\/mbk\/index.php\/wp-json\/wp\/v2\/types\/page"}],"author":[{"embeddable":true,"href":"https:\/\/miamibizkids.lat\/mbk\/index.php\/wp-json\/wp\/v2\/users\/1"}],"replies":[{"embeddable":true,"href":"https:\/\/miamibizkids.lat\/mbk\/index.php\/wp-json\/wp\/v2\/comments?post=76"}],"version-history":[{"count":19,"href":"https:\/\/miamibizkids.lat\/mbk\/index.php\/wp-json\/wp\/v2\/pages\/76\/revisions"}],"predecessor-version":[{"id":112,"href":"https:\/\/miamibizkids.lat\/mbk\/index.php\/wp-json\/wp\/v2\/pages\/76\/revisions\/112"}],"wp:attachment":[{"href":"https:\/\/miamibizkids.lat\/mbk\/index.php\/wp-json\/wp\/v2\/media?parent=76"}],"curies":[{"name":"wp","href":"https:\/\/api.w.org\/{rel}","templated":true}]}}