{"id":152,"date":"2025-03-24T22:02:53","date_gmt":"2025-03-24T22:02:53","guid":{"rendered":"https:\/\/miamibizkids.lat\/mbk\/?page_id=152"},"modified":"2025-03-24T22:08:28","modified_gmt":"2025-03-24T22:08:28","slug":"mi-escuela","status":"publish","type":"page","link":"https:\/\/miamibizkids.lat\/mbk\/index.php\/mi-escuela\/","title":{"rendered":"Mi Escuela"},"content":{"rendered":"\t\t<div data-elementor-type=\"wp-page\" data-elementor-id=\"152\" class=\"elementor elementor-152\" data-elementor-post-type=\"page\">\n\t\t\t\t<div class=\"elementor-element elementor-element-6d695d1 e-flex e-con-boxed e-con e-parent\" data-id=\"6d695d1\" data-element_type=\"container\" data-e-type=\"container\">\n\t\t\t\t\t<div class=\"e-con-inner\">\n\t\t<div class=\"elementor-element elementor-element-c7d1a7e e-con-full e-flex e-con e-child\" data-id=\"c7d1a7e\" data-element_type=\"container\" data-e-type=\"container\">\n\t\t<div class=\"elementor-element elementor-element-df3cdc8 e-con-full e-flex e-con e-child\" data-id=\"df3cdc8\" data-element_type=\"container\" data-e-type=\"container\">\n\t\t\t\t<div class=\"elementor-element elementor-element-8eedf12 elementor-widget elementor-widget-image\" data-id=\"8eedf12\" data-element_type=\"widget\" data-e-type=\"widget\" data-widget_type=\"image.default\">\n\t\t\t\t<div class=\"elementor-widget-container\">\n\t\t\t\t\t\t\t\t\t\t\t\t\t\t\t<img fetchpriority=\"high\" decoding=\"async\" width=\"250\" height=\"250\" src=\"https:\/\/miamibizkids.lat\/mbk\/wp-content\/uploads\/2025\/03\/13.png\" class=\"attachment-large size-large wp-image-114\" alt=\"\" srcset=\"https:\/\/miamibizkids.lat\/mbk\/wp-content\/uploads\/2025\/03\/13.png 250w, https:\/\/miamibizkids.lat\/mbk\/wp-content\/uploads\/2025\/03\/13-150x150.png 150w\" sizes=\"(max-width: 250px) 100vw, 250px\" \/>\t\t\t\t\t\t\t\t\t\t\t\t\t\t\t<\/div>\n\t\t\t\t<\/div>\n\t\t\t\t<\/div>\n\t\t<div class=\"elementor-element elementor-element-532cde0 e-con-full e-flex e-con e-child\" data-id=\"532cde0\" data-element_type=\"container\" data-e-type=\"container\">\n\t\t<div class=\"elementor-element elementor-element-d27c301 e-con-full e-flex e-con e-child\" data-id=\"d27c301\" data-element_type=\"container\" data-e-type=\"container\">\n\t\t\t\t<div class=\"elementor-element elementor-element-5c3c23b elementor-widget elementor-widget-heading\" data-id=\"5c3c23b\" data-element_type=\"widget\" data-e-type=\"widget\" data-widget_type=\"heading.default\">\n\t\t\t\t<div class=\"elementor-widget-container\">\n\t\t\t\t\t<h2 class=\"elementor-heading-title elementor-size-default\">MI ESCUELA<\/h2>\t\t\t\t<\/div>\n\t\t\t\t<\/div>\n\t\t\t\t<\/div>\n\t\t<div class=\"elementor-element elementor-element-d34448b e-con-full e-flex e-con e-child\" data-id=\"d34448b\" data-element_type=\"container\" data-e-type=\"container\">\n\t\t\t\t<div class=\"elementor-element elementor-element-c812568 elementor-widget elementor-widget-heading\" data-id=\"c812568\" data-element_type=\"widget\" data-e-type=\"widget\" data-widget_type=\"heading.default\">\n\t\t\t\t<div class=\"elementor-widget-container\">\n\t\t\t\t\t<p class=\"elementor-heading-title elementor-size-default\">Impulsando el esp\u00edritu emprendedor desde la infancia.<\/p>\t\t\t\t<\/div>\n\t\t\t\t<\/div>\n\t\t\t\t<\/div>\n\t\t\t\t<\/div>\n\t\t\t\t<\/div>\n\t\t\t\t\t<\/div>\n\t\t\t\t<\/div>\n\t\t<div class=\"elementor-element elementor-element-0844542 e-flex e-con-boxed e-con e-parent\" data-id=\"0844542\" data-element_type=\"container\" data-e-type=\"container\">\n\t\t\t\t\t<div class=\"e-con-inner\">\n\t\t\t\t<div class=\"elementor-element elementor-element-adaa193 elementor-widget elementor-widget-spacer\" data-id=\"adaa193\" data-element_type=\"widget\" data-e-type=\"widget\" data-widget_type=\"spacer.default\">\n\t\t\t\t<div class=\"elementor-widget-container\">\n\t\t\t\t\t\t\t<div class=\"elementor-spacer\">\n\t\t\t<div class=\"elementor-spacer-inner\"><\/div>\n\t\t<\/div>\n\t\t\t\t\t\t<\/div>\n\t\t\t\t<\/div>\n\t\t\t\t\t<\/div>\n\t\t\t\t<\/div>\n\t\t<div class=\"elementor-element elementor-element-418597a e-flex e-con-boxed e-con e-parent\" data-id=\"418597a\" data-element_type=\"container\" data-e-type=\"container\">\n\t\t\t\t\t<div class=\"e-con-inner\">\n\t\t<div class=\"elementor-element elementor-element-04a14f6 e-con-full e-flex e-con e-child\" data-id=\"04a14f6\" data-element_type=\"container\" data-e-type=\"container\">\n\t\t\t\t<div class=\"elementor-element elementor-element-3ebfff9 elementor-widget elementor-widget-heading\" data-id=\"3ebfff9\" data-element_type=\"widget\" data-e-type=\"widget\" data-widget_type=\"heading.default\">\n\t\t\t\t<div class=\"elementor-widget-container\">\n\t\t\t\t\t<h6 class=\"elementor-heading-title elementor-size-default\">A trav\u00e9s de metodolog\u00edas innovadoras, hemos transformado la educaci\u00f3n tradicional en experiencias\nde aprendizaje que potencian la creatividad y el liderazgo de los m\u00e1s peque\u00f1os.<\/h6>\t\t\t\t<\/div>\n\t\t\t\t<\/div>\n\t\t\t\t<\/div>\n\t\t\t\t\t<\/div>\n\t\t\t\t<\/div>\n\t\t<div class=\"elementor-element elementor-element-059fed3 e-flex e-con-boxed e-con e-parent\" data-id=\"059fed3\" data-element_type=\"container\" data-e-type=\"container\">\n\t\t\t\t\t<div class=\"e-con-inner\">\n\t\t\t\t<div class=\"elementor-element elementor-element-149734a elementor-widget elementor-widget-spacer\" data-id=\"149734a\" data-element_type=\"widget\" data-e-type=\"widget\" data-widget_type=\"spacer.default\">\n\t\t\t\t<div class=\"elementor-widget-container\">\n\t\t\t\t\t\t\t<div class=\"elementor-spacer\">\n\t\t\t<div class=\"elementor-spacer-inner\"><\/div>\n\t\t<\/div>\n\t\t\t\t\t\t<\/div>\n\t\t\t\t<\/div>\n\t\t\t\t\t<\/div>\n\t\t\t\t<\/div>\n\t\t<div class=\"elementor-element elementor-element-6e342a7 e-flex e-con-boxed e-con e-parent\" data-id=\"6e342a7\" data-element_type=\"container\" data-e-type=\"container\">\n\t\t\t\t\t<div class=\"e-con-inner\">\n\t\t<div class=\"elementor-element elementor-element-0c80b26 e-grid e-con-full e-con e-child\" data-id=\"0c80b26\" data-element_type=\"container\" data-e-type=\"container\">\n\t\t\t\t<div class=\"elementor-element elementor-element-37b7bed elementor-invisible elementor-widget elementor-widget-image\" data-id=\"37b7bed\" data-element_type=\"widget\" data-e-type=\"widget\" data-settings=\"{&quot;_animation&quot;:&quot;fadeInLeft&quot;}\" data-widget_type=\"image.default\">\n\t\t\t\t<div class=\"elementor-widget-container\">\n\t\t\t\t\t\t\t\t\t\t\t\t\t\t\t<img decoding=\"async\" width=\"800\" height=\"525\" src=\"https:\/\/miamibizkids.lat\/mbk\/wp-content\/uploads\/2025\/03\/WhatsApp-Image-2025-03-20-at-4.33.37-PM-1024x672.jpeg\" class=\"attachment-large size-large wp-image-130\" alt=\"\" srcset=\"https:\/\/miamibizkids.lat\/mbk\/wp-content\/uploads\/2025\/03\/WhatsApp-Image-2025-03-20-at-4.33.37-PM-1024x672.jpeg 1024w, https:\/\/miamibizkids.lat\/mbk\/wp-content\/uploads\/2025\/03\/WhatsApp-Image-2025-03-20-at-4.33.37-PM-300x197.jpeg 300w, https:\/\/miamibizkids.lat\/mbk\/wp-content\/uploads\/2025\/03\/WhatsApp-Image-2025-03-20-at-4.33.37-PM-768x504.jpeg 768w, https:\/\/miamibizkids.lat\/mbk\/wp-content\/uploads\/2025\/03\/WhatsApp-Image-2025-03-20-at-4.33.37-PM-1536x1008.jpeg 1536w, https:\/\/miamibizkids.lat\/mbk\/wp-content\/uploads\/2025\/03\/WhatsApp-Image-2025-03-20-at-4.33.37-PM.jpeg 1582w\" sizes=\"(max-width: 800px) 100vw, 800px\" \/>\t\t\t\t\t\t\t\t\t\t\t\t\t\t\t<\/div>\n\t\t\t\t<\/div>\n\t\t\t\t<div class=\"elementor-element elementor-element-1c184a4 elementor-invisible elementor-widget elementor-widget-image\" data-id=\"1c184a4\" data-element_type=\"widget\" data-e-type=\"widget\" data-settings=\"{&quot;_animation&quot;:&quot;fadeInDown&quot;}\" data-widget_type=\"image.default\">\n\t\t\t\t<div class=\"elementor-widget-container\">\n\t\t\t\t\t\t\t\t\t\t\t\t\t\t\t<img decoding=\"async\" width=\"800\" height=\"534\" src=\"https:\/\/miamibizkids.lat\/mbk\/wp-content\/uploads\/2025\/03\/WhatsApp-Image-2025-03-20-at-4.32.37-PM-1024x684.jpeg\" class=\"attachment-large size-large wp-image-132\" alt=\"\" srcset=\"https:\/\/miamibizkids.lat\/mbk\/wp-content\/uploads\/2025\/03\/WhatsApp-Image-2025-03-20-at-4.32.37-PM-1024x684.jpeg 1024w, https:\/\/miamibizkids.lat\/mbk\/wp-content\/uploads\/2025\/03\/WhatsApp-Image-2025-03-20-at-4.32.37-PM-300x200.jpeg 300w, https:\/\/miamibizkids.lat\/mbk\/wp-content\/uploads\/2025\/03\/WhatsApp-Image-2025-03-20-at-4.32.37-PM-768x513.jpeg 768w, https:\/\/miamibizkids.lat\/mbk\/wp-content\/uploads\/2025\/03\/WhatsApp-Image-2025-03-20-at-4.32.37-PM-1536x1025.jpeg 1536w, https:\/\/miamibizkids.lat\/mbk\/wp-content\/uploads\/2025\/03\/WhatsApp-Image-2025-03-20-at-4.32.37-PM.jpeg 1600w\" sizes=\"(max-width: 800px) 100vw, 800px\" \/>\t\t\t\t\t\t\t\t\t\t\t\t\t\t\t<\/div>\n\t\t\t\t<\/div>\n\t\t\t\t<div class=\"elementor-element elementor-element-d4e88df elementor-invisible elementor-widget elementor-widget-image\" data-id=\"d4e88df\" data-element_type=\"widget\" data-e-type=\"widget\" data-settings=\"{&quot;_animation&quot;:&quot;fadeInRight&quot;}\" data-widget_type=\"image.default\">\n\t\t\t\t<div class=\"elementor-widget-container\">\n\t\t\t\t\t\t\t\t\t\t\t\t\t\t\t<img loading=\"lazy\" decoding=\"async\" width=\"800\" height=\"534\" src=\"https:\/\/miamibizkids.lat\/mbk\/wp-content\/uploads\/2025\/03\/WhatsApp-Image-2025-03-20-at-4.32.36-PM-1024x683.jpeg\" class=\"attachment-large size-large wp-image-133\" alt=\"\" srcset=\"https:\/\/miamibizkids.lat\/mbk\/wp-content\/uploads\/2025\/03\/WhatsApp-Image-2025-03-20-at-4.32.36-PM-1024x683.jpeg 1024w, https:\/\/miamibizkids.lat\/mbk\/wp-content\/uploads\/2025\/03\/WhatsApp-Image-2025-03-20-at-4.32.36-PM-300x200.jpeg 300w, https:\/\/miamibizkids.lat\/mbk\/wp-content\/uploads\/2025\/03\/WhatsApp-Image-2025-03-20-at-4.32.36-PM-768x513.jpeg 768w, https:\/\/miamibizkids.lat\/mbk\/wp-content\/uploads\/2025\/03\/WhatsApp-Image-2025-03-20-at-4.32.36-PM.jpeg 1500w\" sizes=\"(max-width: 800px) 100vw, 800px\" \/>\t\t\t\t\t\t\t\t\t\t\t\t\t\t\t<\/div>\n\t\t\t\t<\/div>\n\t\t\t\t<\/div>\n\t\t\t\t\t<\/div>\n\t\t\t\t<\/div>\n\t\t<div class=\"elementor-element elementor-element-b61c7af e-flex e-con-boxed e-con e-parent\" data-id=\"b61c7af\" data-element_type=\"container\" data-e-type=\"container\">\n\t\t\t\t\t<div class=\"e-con-inner\">\n\t\t\t\t<div class=\"elementor-element elementor-element-85f065e elementor-widget elementor-widget-spacer\" data-id=\"85f065e\" data-element_type=\"widget\" data-e-type=\"widget\" data-widget_type=\"spacer.default\">\n\t\t\t\t<div class=\"elementor-widget-container\">\n\t\t\t\t\t\t\t<div class=\"elementor-spacer\">\n\t\t\t<div class=\"elementor-spacer-inner\"><\/div>\n\t\t<\/div>\n\t\t\t\t\t\t<\/div>\n\t\t\t\t<\/div>\n\t\t\t\t\t<\/div>\n\t\t\t\t<\/div>\n\t\t<div class=\"elementor-element elementor-element-424fd83 e-flex e-con-boxed e-con e-parent\" data-id=\"424fd83\" data-element_type=\"container\" data-e-type=\"container\">\n\t\t\t\t\t<div class=\"e-con-inner\">\n\t\t<div class=\"elementor-element elementor-element-135c7f8 e-con-full e-flex e-con e-child\" data-id=\"135c7f8\" data-element_type=\"container\" data-e-type=\"container\">\n\t\t<div class=\"elementor-element elementor-element-9281bc2 e-con-full e-flex e-con e-child\" data-id=\"9281bc2\" data-element_type=\"container\" data-e-type=\"container\">\n\t\t\t\t<div class=\"elementor-element elementor-element-d466e2a elementor-widget elementor-widget-image\" data-id=\"d466e2a\" data-element_type=\"widget\" data-e-type=\"widget\" data-widget_type=\"image.default\">\n\t\t\t\t<div class=\"elementor-widget-container\">\n\t\t\t\t\t\t\t\t\t\t\t\t\t\t\t<img loading=\"lazy\" decoding=\"async\" width=\"250\" height=\"250\" src=\"https:\/\/miamibizkids.lat\/mbk\/wp-content\/uploads\/2025\/03\/comentarios-1.png\" class=\"attachment-medium size-medium wp-image-144\" alt=\"\" srcset=\"https:\/\/miamibizkids.lat\/mbk\/wp-content\/uploads\/2025\/03\/comentarios-1.png 250w, https:\/\/miamibizkids.lat\/mbk\/wp-content\/uploads\/2025\/03\/comentarios-1-150x150.png 150w\" sizes=\"(max-width: 250px) 100vw, 250px\" \/>\t\t\t\t\t\t\t\t\t\t\t\t\t\t\t<\/div>\n\t\t\t\t<\/div>\n\t\t\t\t<\/div>\n\t\t<div class=\"elementor-element elementor-element-f466b56 e-con-full e-flex e-con e-child\" data-id=\"f466b56\" data-element_type=\"container\" data-e-type=\"container\">\n\t\t\t\t<div class=\"elementor-element elementor-element-562684e elementor-widget elementor-widget-heading\" data-id=\"562684e\" data-element_type=\"widget\" data-e-type=\"widget\" data-widget_type=\"heading.default\">\n\t\t\t\t<div class=\"elementor-widget-container\">\n\t\t\t\t\t<p class=\"elementor-heading-title elementor-size-default\">\"Gracias a MiamiBizKids, mi hijo aprendi\u00f3 a expresar sus ideas con confianza y\nahora lidera proyectos en su escuela.\" \u2013 <b>Andrea R., madre de participante<\/b><\/p>\t\t\t\t<\/div>\n\t\t\t\t<\/div>\n\t\t\t\t<\/div>\n\t\t\t\t<\/div>\n\t\t\t\t\t<\/div>\n\t\t\t\t<\/div>\n\t\t<div class=\"elementor-element elementor-element-f3f754a e-flex e-con-boxed e-con e-parent\" data-id=\"f3f754a\" data-element_type=\"container\" data-e-type=\"container\">\n\t\t\t\t\t<div class=\"e-con-inner\">\n\t\t<div class=\"elementor-element elementor-element-1407954 e-con-full e-flex e-con e-child\" data-id=\"1407954\" data-element_type=\"container\" data-e-type=\"container\">\n\t\t<div class=\"elementor-element elementor-element-e7a0b76 e-con-full e-flex e-con e-child\" data-id=\"e7a0b76\" data-element_type=\"container\" data-e-type=\"container\">\n\t\t<div class=\"elementor-element elementor-element-2c8cadb e-con-full e-flex e-con e-child\" data-id=\"2c8cadb\" data-element_type=\"container\" data-e-type=\"container\">\n\t\t\t\t<div class=\"elementor-element elementor-element-fed2bc6 elementor-widget elementor-widget-image\" data-id=\"fed2bc6\" data-element_type=\"widget\" data-e-type=\"widget\" data-widget_type=\"image.default\">\n\t\t\t\t<div class=\"elementor-widget-container\">\n\t\t\t\t\t\t\t\t\t\t\t\t\t\t\t<img loading=\"lazy\" decoding=\"async\" width=\"754\" height=\"754\" src=\"https:\/\/miamibizkids.lat\/mbk\/wp-content\/uploads\/2025\/03\/WhatsApp-Image-2025-03-20-at-4.32.15-PM.jpeg\" class=\"attachment-large size-large wp-image-142\" alt=\"\" srcset=\"https:\/\/miamibizkids.lat\/mbk\/wp-content\/uploads\/2025\/03\/WhatsApp-Image-2025-03-20-at-4.32.15-PM.jpeg 754w, https:\/\/miamibizkids.lat\/mbk\/wp-content\/uploads\/2025\/03\/WhatsApp-Image-2025-03-20-at-4.32.15-PM-300x300.jpeg 300w, https:\/\/miamibizkids.lat\/mbk\/wp-content\/uploads\/2025\/03\/WhatsApp-Image-2025-03-20-at-4.32.15-PM-150x150.jpeg 150w\" sizes=\"(max-width: 754px) 100vw, 754px\" \/>\t\t\t\t\t\t\t\t\t\t\t\t\t\t\t<\/div>\n\t\t\t\t<\/div>\n\t\t\t\t<\/div>\n\t\t<div class=\"elementor-element elementor-element-7a4d6b5 e-con-full e-flex e-con e-child\" data-id=\"7a4d6b5\" data-element_type=\"container\" data-e-type=\"container\">\n\t\t\t\t<div class=\"elementor-element elementor-element-8820b21 elementor-widget elementor-widget-heading\" data-id=\"8820b21\" data-element_type=\"widget\" data-e-type=\"widget\" data-widget_type=\"heading.default\">\n\t\t\t\t<div class=\"elementor-widget-container\">\n\t\t\t\t\t<p class=\"elementor-heading-title elementor-size-default\">\"Este programa me ense\u00f1\u00f3 que las ideas pueden convertirse en grandes\nproyectos si trabajamos con creatividad y disciplina.\" \u2013 <b>Luis, 11 a\u00f1os<\/B><\/p>\t\t\t\t<\/div>\n\t\t\t\t<\/div>\n\t\t\t\t<\/div>\n\t\t\t\t<\/div>\n\t\t\t\t<\/div>\n\t\t\t\t\t<\/div>\n\t\t\t\t<\/div>\n\t\t<div class=\"elementor-element elementor-element-3e4b559 e-flex e-con-boxed e-con e-parent\" data-id=\"3e4b559\" data-element_type=\"container\" data-e-type=\"container\">\n\t\t\t\t\t<div class=\"e-con-inner\">\n\t\t\t\t<div class=\"elementor-element elementor-element-23939f3 elementor-widget elementor-widget-spacer\" data-id=\"23939f3\" data-element_type=\"widget\" data-e-type=\"widget\" data-widget_type=\"spacer.default\">\n\t\t\t\t<div class=\"elementor-widget-container\">\n\t\t\t\t\t\t\t<div class=\"elementor-spacer\">\n\t\t\t<div class=\"elementor-spacer-inner\"><\/div>\n\t\t<\/div>\n\t\t\t\t\t\t<\/div>\n\t\t\t\t<\/div>\n\t\t\t\t\t<\/div>\n\t\t\t\t<\/div>\n\t\t\t\t<\/div>\n\t\t","protected":false},"excerpt":{"rendered":"<p>MI ESCUELA Impulsando el esp\u00edritu emprendedor desde la infancia. A trav\u00e9s de metodolog\u00edas innovadoras, hemos transformado la educaci\u00f3n tradicional en experiencias de aprendizaje que potencian la creatividad y el liderazgo de los m\u00e1s peque\u00f1os. \u00abGracias a MiamiBizKids, mi hijo aprendi\u00f3 a expresar sus ideas con confianza y ahora lidera proyectos en su escuela.\u00bb \u2013 Andrea [&hellip;]<\/p>\n","protected":false},"author":1,"featured_media":0,"parent":0,"menu_order":0,"comment_status":"closed","ping_status":"closed","template":"","meta":{"footnotes":""},"class_list":["post-152","page","type-page","status-publish","hentry"],"_links":{"self":[{"href":"https:\/\/miamibizkids.lat\/mbk\/index.php\/wp-json\/wp\/v2\/pages\/152","targetHints":{"allow":["GET"]}}],"collection":[{"href":"https:\/\/miamibizkids.lat\/mbk\/index.php\/wp-json\/wp\/v2\/pages"}],"about":[{"href":"https:\/\/miamibizkids.lat\/mbk\/index.php\/wp-json\/wp\/v2\/types\/page"}],"author":[{"embeddable":true,"href":"https:\/\/miamibizkids.lat\/mbk\/index.php\/wp-json\/wp\/v2\/users\/1"}],"replies":[{"embeddable":true,"href":"https:\/\/miamibizkids.lat\/mbk\/index.php\/wp-json\/wp\/v2\/comments?post=152"}],"version-history":[{"count":4,"href":"https:\/\/miamibizkids.lat\/mbk\/index.php\/wp-json\/wp\/v2\/pages\/152\/revisions"}],"predecessor-version":[{"id":159,"href":"https:\/\/miamibizkids.lat\/mbk\/index.php\/wp-json\/wp\/v2\/pages\/152\/revisions\/159"}],"wp:attachment":[{"href":"https:\/\/miamibizkids.lat\/mbk\/index.php\/wp-json\/wp\/v2\/media?parent=152"}],"curies":[{"name":"wp","href":"https:\/\/api.w.org\/{rel}","templated":true}]}}