{"id":113,"date":"2025-03-24T14:30:13","date_gmt":"2025-03-24T14:30:13","guid":{"rendered":"https:\/\/miamibizkids.lat\/mbk\/?page_id=113"},"modified":"2025-04-30T17:47:53","modified_gmt":"2025-04-30T17:47:53","slug":"gaii","status":"publish","type":"page","link":"https:\/\/miamibizkids.lat\/mbk\/index.php\/gaii\/","title":{"rendered":"GAII"},"content":{"rendered":"\t\t<div data-elementor-type=\"wp-page\" data-elementor-id=\"113\" class=\"elementor elementor-113\" data-elementor-post-type=\"page\">\n\t\t\t\t<div class=\"elementor-element elementor-element-f7058ce e-flex e-con-boxed e-con e-parent\" data-id=\"f7058ce\" data-element_type=\"container\" data-e-type=\"container\">\n\t\t\t\t\t<div class=\"e-con-inner\">\n\t\t<div class=\"elementor-element elementor-element-f725d85 e-con-full e-flex e-con e-child\" data-id=\"f725d85\" data-element_type=\"container\" data-e-type=\"container\">\n\t\t<div class=\"elementor-element elementor-element-e7dafe7 e-grid e-con-full e-con e-child\" data-id=\"e7dafe7\" data-element_type=\"container\" data-e-type=\"container\">\n\t\t<div class=\"elementor-element elementor-element-87c32a0 e-con-full e-flex e-con e-child\" data-id=\"87c32a0\" data-element_type=\"container\" data-e-type=\"container\">\n\t\t<div class=\"elementor-element elementor-element-1ac0815 e-grid e-con-full e-con e-child\" data-id=\"1ac0815\" data-element_type=\"container\" data-e-type=\"container\">\n\t\t\t\t<div class=\"elementor-element elementor-element-c8477b2 elementor-widget elementor-widget-image\" data-id=\"c8477b2\" data-element_type=\"widget\" data-e-type=\"widget\" data-widget_type=\"image.default\">\n\t\t\t\t<div class=\"elementor-widget-container\">\n\t\t\t\t\t\t\t\t\t\t\t\t\t\t\t<img fetchpriority=\"high\" decoding=\"async\" width=\"250\" height=\"250\" src=\"https:\/\/miamibizkids.lat\/mbk\/wp-content\/uploads\/2025\/03\/13.png\" class=\"attachment-large size-large wp-image-114\" alt=\"\" srcset=\"https:\/\/miamibizkids.lat\/mbk\/wp-content\/uploads\/2025\/03\/13.png 250w, https:\/\/miamibizkids.lat\/mbk\/wp-content\/uploads\/2025\/03\/13-150x150.png 150w\" sizes=\"(max-width: 250px) 100vw, 250px\" \/>\t\t\t\t\t\t\t\t\t\t\t\t\t\t\t<\/div>\n\t\t\t\t<\/div>\n\t\t\t\t<div class=\"elementor-element elementor-element-87f9479 elementor-widget elementor-widget-heading\" data-id=\"87f9479\" data-element_type=\"widget\" data-e-type=\"widget\" data-widget_type=\"heading.default\">\n\t\t\t\t<div class=\"elementor-widget-container\">\n\t\t\t\t\t<h1 class=\"elementor-heading-title elementor-size-default\">GAII<\/h1>\t\t\t\t<\/div>\n\t\t\t\t<\/div>\n\t\t\t\t<\/div>\n\t\t\t\t<\/div>\n\t\t\t\t<div class=\"elementor-element elementor-element-9a6518d elementor-widget elementor-widget-heading\" data-id=\"9a6518d\" data-element_type=\"widget\" data-e-type=\"widget\" data-widget_type=\"heading.default\">\n\t\t\t\t<div class=\"elementor-widget-container\">\n\t\t\t\t\t<h5 class=\"elementor-heading-title elementor-size-default\">Aprende Ingl\u00e9s Jugando y Emprendiendo.<\/h5>\t\t\t\t<\/div>\n\t\t\t\t<\/div>\n\t\t\t\t<div class=\"elementor-element elementor-element-3b3c278 elementor-widget elementor-widget-heading\" data-id=\"3b3c278\" data-element_type=\"widget\" data-e-type=\"widget\" data-widget_type=\"heading.default\">\n\t\t\t\t<div class=\"elementor-widget-container\">\n\t\t\t\t\t<h3 class=\"elementor-heading-title elementor-size-default\">El m\u00e9todo innovador que combina\ningl\u00e9s y negocios para ni\u00f1os.<\/h3>\t\t\t\t<\/div>\n\t\t\t\t<\/div>\n\t\t\t\t<div class=\"elementor-element elementor-element-3c4a810 elementor-widget elementor-widget-heading\" data-id=\"3c4a810\" data-element_type=\"widget\" data-e-type=\"widget\" data-widget_type=\"heading.default\">\n\t\t\t\t<div class=\"elementor-widget-container\">\n\t\t\t\t\t<p class=\"elementor-heading-title elementor-size-default\">GAII es un programa que usa gamificaci\u00f3n y\nsimulaciones empresariales para que los ni\u00f1os\naprendan ingl\u00e9s de manera din\u00e1mica, divertida y\nefectiva.<\/p>\t\t\t\t<\/div>\n\t\t\t\t<\/div>\n\t\t\t\t<\/div>\n\t\t\t\t<\/div>\n\t\t<div class=\"elementor-element elementor-element-9d93fb3 e-con-full e-flex e-con e-child\" data-id=\"9d93fb3\" data-element_type=\"container\" data-e-type=\"container\">\n\t\t<div class=\"elementor-element elementor-element-9e2d45e e-con-full e-flex e-con e-child\" data-id=\"9e2d45e\" data-element_type=\"container\" data-e-type=\"container\">\n\t\t<div class=\"elementor-element elementor-element-d93fdd2 e-grid e-con-full e-con e-child\" data-id=\"d93fdd2\" data-element_type=\"container\" data-e-type=\"container\">\n\t\t\t\t<div class=\"elementor-element elementor-element-1337976 e-transform elementor-invisible elementor-widget elementor-widget-image\" data-id=\"1337976\" data-element_type=\"widget\" data-e-type=\"widget\" data-settings=\"{&quot;_animation&quot;:&quot;fadeInLeft&quot;,&quot;_transform_scale_effect_hover&quot;:{&quot;unit&quot;:&quot;px&quot;,&quot;size&quot;:&quot;&quot;,&quot;sizes&quot;:[]},&quot;_transform_scale_effect_hover_tablet&quot;:{&quot;unit&quot;:&quot;px&quot;,&quot;size&quot;:&quot;&quot;,&quot;sizes&quot;:[]},&quot;_transform_scale_effect_hover_mobile&quot;:{&quot;unit&quot;:&quot;px&quot;,&quot;size&quot;:&quot;&quot;,&quot;sizes&quot;:[]}}\" data-widget_type=\"image.default\">\n\t\t\t\t<div class=\"elementor-widget-container\">\n\t\t\t\t\t\t\t\t\t\t\t\t\t\t\t<img decoding=\"async\" width=\"800\" height=\"800\" src=\"https:\/\/miamibizkids.lat\/mbk\/wp-content\/uploads\/2025\/03\/WhatsApp-Image-2025-03-20-at-4.27.20-PM-1-1024x1024.jpeg\" class=\"attachment-large size-large wp-image-121\" alt=\"\" srcset=\"https:\/\/miamibizkids.lat\/mbk\/wp-content\/uploads\/2025\/03\/WhatsApp-Image-2025-03-20-at-4.27.20-PM-1-1024x1024.jpeg 1024w, https:\/\/miamibizkids.lat\/mbk\/wp-content\/uploads\/2025\/03\/WhatsApp-Image-2025-03-20-at-4.27.20-PM-1-300x300.jpeg 300w, https:\/\/miamibizkids.lat\/mbk\/wp-content\/uploads\/2025\/03\/WhatsApp-Image-2025-03-20-at-4.27.20-PM-1-150x150.jpeg 150w, https:\/\/miamibizkids.lat\/mbk\/wp-content\/uploads\/2025\/03\/WhatsApp-Image-2025-03-20-at-4.27.20-PM-1-768x768.jpeg 768w, https:\/\/miamibizkids.lat\/mbk\/wp-content\/uploads\/2025\/03\/WhatsApp-Image-2025-03-20-at-4.27.20-PM-1.jpeg 1280w\" sizes=\"(max-width: 800px) 100vw, 800px\" \/>\t\t\t\t\t\t\t\t\t\t\t\t\t\t\t<\/div>\n\t\t\t\t<\/div>\n\t\t\t\t<div class=\"elementor-element elementor-element-361cb7e elementor-invisible elementor-widget elementor-widget-image\" data-id=\"361cb7e\" data-element_type=\"widget\" data-e-type=\"widget\" data-settings=\"{&quot;_animation&quot;:&quot;fadeInRight&quot;}\" data-widget_type=\"image.default\">\n\t\t\t\t<div class=\"elementor-widget-container\">\n\t\t\t\t\t\t\t\t\t\t\t\t\t\t\t<img decoding=\"async\" width=\"800\" height=\"800\" src=\"https:\/\/miamibizkids.lat\/mbk\/wp-content\/uploads\/2025\/03\/WhatsApp-Image-2025-03-20-at-4.27.19-PM-1024x1024.jpeg\" class=\"attachment-large size-large wp-image-120\" alt=\"\" srcset=\"https:\/\/miamibizkids.lat\/mbk\/wp-content\/uploads\/2025\/03\/WhatsApp-Image-2025-03-20-at-4.27.19-PM-1024x1024.jpeg 1024w, https:\/\/miamibizkids.lat\/mbk\/wp-content\/uploads\/2025\/03\/WhatsApp-Image-2025-03-20-at-4.27.19-PM-300x300.jpeg 300w, https:\/\/miamibizkids.lat\/mbk\/wp-content\/uploads\/2025\/03\/WhatsApp-Image-2025-03-20-at-4.27.19-PM-150x150.jpeg 150w, https:\/\/miamibizkids.lat\/mbk\/wp-content\/uploads\/2025\/03\/WhatsApp-Image-2025-03-20-at-4.27.19-PM-768x768.jpeg 768w, https:\/\/miamibizkids.lat\/mbk\/wp-content\/uploads\/2025\/03\/WhatsApp-Image-2025-03-20-at-4.27.19-PM.jpeg 1280w\" sizes=\"(max-width: 800px) 100vw, 800px\" \/>\t\t\t\t\t\t\t\t\t\t\t\t\t\t\t<\/div>\n\t\t\t\t<\/div>\n\t\t\t\t<\/div>\n\t\t\t\t<\/div>\n\t\t<div class=\"elementor-element elementor-element-b2d5e16 e-con-full e-flex e-con e-child\" data-id=\"b2d5e16\" data-element_type=\"container\" data-e-type=\"container\">\n\t\t<div class=\"elementor-element elementor-element-1360c7b e-grid e-con-full e-con e-child\" data-id=\"1360c7b\" data-element_type=\"container\" data-e-type=\"container\">\n\t\t\t\t<div class=\"elementor-element elementor-element-079df1a elementor-invisible elementor-widget elementor-widget-image\" data-id=\"079df1a\" data-element_type=\"widget\" data-e-type=\"widget\" data-settings=\"{&quot;_animation&quot;:&quot;fadeInLeft&quot;}\" data-widget_type=\"image.default\">\n\t\t\t\t<div class=\"elementor-widget-container\">\n\t\t\t\t\t\t\t\t\t\t\t\t\t\t\t<img loading=\"lazy\" decoding=\"async\" width=\"800\" height=\"800\" src=\"https:\/\/miamibizkids.lat\/mbk\/wp-content\/uploads\/2025\/03\/WhatsApp-Image-2025-03-20-at-4.27.20-PM-1024x1024.jpeg\" class=\"attachment-large size-large wp-image-122\" alt=\"\" srcset=\"https:\/\/miamibizkids.lat\/mbk\/wp-content\/uploads\/2025\/03\/WhatsApp-Image-2025-03-20-at-4.27.20-PM-1024x1024.jpeg 1024w, https:\/\/miamibizkids.lat\/mbk\/wp-content\/uploads\/2025\/03\/WhatsApp-Image-2025-03-20-at-4.27.20-PM-300x300.jpeg 300w, https:\/\/miamibizkids.lat\/mbk\/wp-content\/uploads\/2025\/03\/WhatsApp-Image-2025-03-20-at-4.27.20-PM-150x150.jpeg 150w, https:\/\/miamibizkids.lat\/mbk\/wp-content\/uploads\/2025\/03\/WhatsApp-Image-2025-03-20-at-4.27.20-PM-768x768.jpeg 768w, https:\/\/miamibizkids.lat\/mbk\/wp-content\/uploads\/2025\/03\/WhatsApp-Image-2025-03-20-at-4.27.20-PM.jpeg 1280w\" sizes=\"(max-width: 800px) 100vw, 800px\" \/>\t\t\t\t\t\t\t\t\t\t\t\t\t\t\t<\/div>\n\t\t\t\t<\/div>\n\t\t\t\t<div class=\"elementor-element elementor-element-a9e2557 elementor-invisible elementor-widget elementor-widget-image\" data-id=\"a9e2557\" data-element_type=\"widget\" data-e-type=\"widget\" data-settings=\"{&quot;_animation&quot;:&quot;fadeInRight&quot;}\" data-widget_type=\"image.default\">\n\t\t\t\t<div class=\"elementor-widget-container\">\n\t\t\t\t\t\t\t\t\t\t\t\t\t\t\t<img loading=\"lazy\" decoding=\"async\" width=\"800\" height=\"800\" src=\"https:\/\/miamibizkids.lat\/mbk\/wp-content\/uploads\/2025\/03\/WhatsApp-Image-2025-03-20-at-4.27.19-PM-1-1024x1024.jpeg\" class=\"attachment-large size-large wp-image-119\" alt=\"\" srcset=\"https:\/\/miamibizkids.lat\/mbk\/wp-content\/uploads\/2025\/03\/WhatsApp-Image-2025-03-20-at-4.27.19-PM-1-1024x1024.jpeg 1024w, https:\/\/miamibizkids.lat\/mbk\/wp-content\/uploads\/2025\/03\/WhatsApp-Image-2025-03-20-at-4.27.19-PM-1-300x300.jpeg 300w, https:\/\/miamibizkids.lat\/mbk\/wp-content\/uploads\/2025\/03\/WhatsApp-Image-2025-03-20-at-4.27.19-PM-1-150x150.jpeg 150w, https:\/\/miamibizkids.lat\/mbk\/wp-content\/uploads\/2025\/03\/WhatsApp-Image-2025-03-20-at-4.27.19-PM-1-768x768.jpeg 768w, https:\/\/miamibizkids.lat\/mbk\/wp-content\/uploads\/2025\/03\/WhatsApp-Image-2025-03-20-at-4.27.19-PM-1.jpeg 1280w\" sizes=\"(max-width: 800px) 100vw, 800px\" \/>\t\t\t\t\t\t\t\t\t\t\t\t\t\t\t<\/div>\n\t\t\t\t<\/div>\n\t\t\t\t<\/div>\n\t\t\t\t<\/div>\n\t\t\t\t<\/div>\n\t\t\t\t\t<\/div>\n\t\t\t\t<\/div>\n\t\t<div class=\"elementor-element elementor-element-8128cad e-flex e-con-boxed e-con e-parent\" data-id=\"8128cad\" data-element_type=\"container\" data-e-type=\"container\">\n\t\t\t\t\t<div class=\"e-con-inner\">\n\t\t\t\t<div class=\"elementor-element elementor-element-cfeab7c elementor-widget elementor-widget-spacer\" data-id=\"cfeab7c\" data-element_type=\"widget\" data-e-type=\"widget\" data-widget_type=\"spacer.default\">\n\t\t\t\t<div class=\"elementor-widget-container\">\n\t\t\t\t\t\t\t<div class=\"elementor-spacer\">\n\t\t\t<div class=\"elementor-spacer-inner\"><\/div>\n\t\t<\/div>\n\t\t\t\t\t\t<\/div>\n\t\t\t\t<\/div>\n\t\t\t\t\t<\/div>\n\t\t\t\t<\/div>\n\t\t<div class=\"elementor-element elementor-element-d0d22f6 e-grid e-con-boxed e-con e-parent\" data-id=\"d0d22f6\" data-element_type=\"container\" data-e-type=\"container\">\n\t\t\t\t\t<div class=\"e-con-inner\">\n\t\t\t\t<div class=\"elementor-element elementor-element-82788aa elementor-invisible elementor-widget elementor-widget-image\" data-id=\"82788aa\" data-element_type=\"widget\" data-e-type=\"widget\" data-settings=\"{&quot;_animation&quot;:&quot;fadeInLeft&quot;}\" data-widget_type=\"image.default\">\n\t\t\t\t<div class=\"elementor-widget-container\">\n\t\t\t\t\t\t\t\t\t\t\t\t\t\t\t<img loading=\"lazy\" decoding=\"async\" width=\"800\" height=\"1000\" src=\"https:\/\/miamibizkids.lat\/mbk\/wp-content\/uploads\/2025\/04\/1-819x1024.png\" class=\"attachment-large size-large wp-image-176\" alt=\"\" srcset=\"https:\/\/miamibizkids.lat\/mbk\/wp-content\/uploads\/2025\/04\/1-819x1024.png 819w, https:\/\/miamibizkids.lat\/mbk\/wp-content\/uploads\/2025\/04\/1-240x300.png 240w, https:\/\/miamibizkids.lat\/mbk\/wp-content\/uploads\/2025\/04\/1-768x960.png 768w, https:\/\/miamibizkids.lat\/mbk\/wp-content\/uploads\/2025\/04\/1.png 1080w\" sizes=\"(max-width: 800px) 100vw, 800px\" \/>\t\t\t\t\t\t\t\t\t\t\t\t\t\t\t<\/div>\n\t\t\t\t<\/div>\n\t\t\t\t<div class=\"elementor-element elementor-element-21e1a8c elementor-invisible elementor-widget elementor-widget-image\" data-id=\"21e1a8c\" data-element_type=\"widget\" data-e-type=\"widget\" data-settings=\"{&quot;_animation&quot;:&quot;fadeInDown&quot;}\" data-widget_type=\"image.default\">\n\t\t\t\t<div class=\"elementor-widget-container\">\n\t\t\t\t\t\t\t\t\t\t\t\t\t\t\t<img loading=\"lazy\" decoding=\"async\" width=\"800\" height=\"1000\" src=\"https:\/\/miamibizkids.lat\/mbk\/wp-content\/uploads\/2025\/04\/2-819x1024.png\" class=\"attachment-large size-large wp-image-177\" alt=\"\" srcset=\"https:\/\/miamibizkids.lat\/mbk\/wp-content\/uploads\/2025\/04\/2-819x1024.png 819w, https:\/\/miamibizkids.lat\/mbk\/wp-content\/uploads\/2025\/04\/2-240x300.png 240w, https:\/\/miamibizkids.lat\/mbk\/wp-content\/uploads\/2025\/04\/2-768x960.png 768w, https:\/\/miamibizkids.lat\/mbk\/wp-content\/uploads\/2025\/04\/2.png 1080w\" sizes=\"(max-width: 800px) 100vw, 800px\" \/>\t\t\t\t\t\t\t\t\t\t\t\t\t\t\t<\/div>\n\t\t\t\t<\/div>\n\t\t\t\t<div class=\"elementor-element elementor-element-3b20477 elementor-invisible elementor-widget elementor-widget-image\" data-id=\"3b20477\" data-element_type=\"widget\" data-e-type=\"widget\" data-settings=\"{&quot;_animation&quot;:&quot;fadeInRight&quot;}\" data-widget_type=\"image.default\">\n\t\t\t\t<div class=\"elementor-widget-container\">\n\t\t\t\t\t\t\t\t\t\t\t\t\t\t\t<img loading=\"lazy\" decoding=\"async\" width=\"800\" height=\"1000\" src=\"https:\/\/miamibizkids.lat\/mbk\/wp-content\/uploads\/2025\/04\/3-819x1024.png\" class=\"attachment-large size-large wp-image-178\" alt=\"\" srcset=\"https:\/\/miamibizkids.lat\/mbk\/wp-content\/uploads\/2025\/04\/3-819x1024.png 819w, https:\/\/miamibizkids.lat\/mbk\/wp-content\/uploads\/2025\/04\/3-240x300.png 240w, https:\/\/miamibizkids.lat\/mbk\/wp-content\/uploads\/2025\/04\/3-768x960.png 768w, https:\/\/miamibizkids.lat\/mbk\/wp-content\/uploads\/2025\/04\/3.png 1080w\" sizes=\"(max-width: 800px) 100vw, 800px\" \/>\t\t\t\t\t\t\t\t\t\t\t\t\t\t\t<\/div>\n\t\t\t\t<\/div>\n\t\t\t\t\t<\/div>\n\t\t\t\t<\/div>\n\t\t<div class=\"elementor-element elementor-element-c3876ed e-flex e-con-boxed e-con e-parent\" data-id=\"c3876ed\" data-element_type=\"container\" data-e-type=\"container\">\n\t\t\t\t\t<div class=\"e-con-inner\">\n\t\t\t\t<div class=\"elementor-element elementor-element-8854698 elementor-widget elementor-widget-heading\" data-id=\"8854698\" data-element_type=\"widget\" data-e-type=\"widget\" data-widget_type=\"heading.default\">\n\t\t\t\t<div class=\"elementor-widget-container\">\n\t\t\t\t\t<h4 class=\"elementor-heading-title elementor-size-default\">Aprender ingl\u00e9s nunca fue tan divertido y estrat\u00e9gico<\/h4>\t\t\t\t<\/div>\n\t\t\t\t<\/div>\n\t\t\t\t\t<\/div>\n\t\t\t\t<\/div>\n\t\t<div class=\"elementor-element elementor-element-b467d1b e-flex e-con-boxed e-con e-parent\" data-id=\"b467d1b\" data-element_type=\"container\" data-e-type=\"container\">\n\t\t\t\t\t<div class=\"e-con-inner\">\n\t\t\t\t<div class=\"elementor-element elementor-element-c83293e elementor-widget elementor-widget-spacer\" data-id=\"c83293e\" data-element_type=\"widget\" data-e-type=\"widget\" data-widget_type=\"spacer.default\">\n\t\t\t\t<div class=\"elementor-widget-container\">\n\t\t\t\t\t\t\t<div class=\"elementor-spacer\">\n\t\t\t<div class=\"elementor-spacer-inner\"><\/div>\n\t\t<\/div>\n\t\t\t\t\t\t<\/div>\n\t\t\t\t<\/div>\n\t\t\t\t\t<\/div>\n\t\t\t\t<\/div>\n\t\t\t\t<\/div>\n\t\t","protected":false},"excerpt":{"rendered":"<p>GAII Aprende Ingl\u00e9s Jugando y Emprendiendo. El m\u00e9todo innovador que combina ingl\u00e9s y negocios para ni\u00f1os. GAII es un programa que usa gamificaci\u00f3n y simulaciones empresariales para que los ni\u00f1os aprendan ingl\u00e9s de manera din\u00e1mica, divertida y efectiva. Aprender ingl\u00e9s nunca fue tan divertido y estrat\u00e9gico<\/p>\n","protected":false},"author":1,"featured_media":0,"parent":0,"menu_order":0,"comment_status":"closed","ping_status":"closed","template":"","meta":{"footnotes":""},"class_list":["post-113","page","type-page","status-publish","hentry"],"_links":{"self":[{"href":"https:\/\/miamibizkids.lat\/mbk\/index.php\/wp-json\/wp\/v2\/pages\/113","targetHints":{"allow":["GET"]}}],"collection":[{"href":"https:\/\/miamibizkids.lat\/mbk\/index.php\/wp-json\/wp\/v2\/pages"}],"about":[{"href":"https:\/\/miamibizkids.lat\/mbk\/index.php\/wp-json\/wp\/v2\/types\/page"}],"author":[{"embeddable":true,"href":"https:\/\/miamibizkids.lat\/mbk\/index.php\/wp-json\/wp\/v2\/users\/1"}],"replies":[{"embeddable":true,"href":"https:\/\/miamibizkids.lat\/mbk\/index.php\/wp-json\/wp\/v2\/comments?post=113"}],"version-history":[{"count":30,"href":"https:\/\/miamibizkids.lat\/mbk\/index.php\/wp-json\/wp\/v2\/pages\/113\/revisions"}],"predecessor-version":[{"id":182,"href":"https:\/\/miamibizkids.lat\/mbk\/index.php\/wp-json\/wp\/v2\/pages\/113\/revisions\/182"}],"wp:attachment":[{"href":"https:\/\/miamibizkids.lat\/mbk\/index.php\/wp-json\/wp\/v2\/media?parent=113"}],"curies":[{"name":"wp","href":"https:\/\/api.w.org\/{rel}","templated":true}]}}